{"id":599,"date":"2021-03-02T20:39:21","date_gmt":"2021-03-02T20:39:21","guid":{"rendered":"https:\/\/dev.democonstruct.ca\/?page_id=599"},"modified":"2021-03-03T23:34:35","modified_gmt":"2021-03-03T23:34:35","slug":"amiante","status":"publish","type":"page","link":"https:\/\/democonstruct.ca\/en\/decontamination\/amiante\/","title":{"rendered":"ASBESTOS"},"content":{"rendered":"<div class=\"wpb-content-wrapper\"><p>[vc_row css=&#8221;.vc_custom_1614290731820{padding-top: 0px !important;padding-bottom: 0px !important;}&#8221;][vc_column]\n\t\t\t<!-- START Service  Amiante REVOLUTION SLIDER 6.7.18 --><p class=\"rs-p-wp-fix\"><\/p>\n\t\t\t<rs-module-wrap id=\"rev_slider_5_1_wrapper\" data-source=\"gallery\" style=\"visibility:hidden;background:transparent;padding:0;\">\n\t\t\t\t<rs-module id=\"rev_slider_5_1\" style=\"\" data-version=\"6.7.18\">\n\t\t\t\t\t<rs-slides style=\"overflow: hidden; position: absolute;\">\n\t\t\t\t\t\t<rs-slide style=\"position: absolute;\" data-key=\"rs-34\" data-title=\"Slide\" data-anim=\"r:0;\" data-in=\"o:0;x:100%;\">\n\t\t\t\t\t\t\t<img decoding=\"async\" src=\"\/\/democonstruct.ca\/wp-content\/plugins\/revslider\/sr6\/assets\/assets\/dummy.png\" alt=\"\" title=\"demo-construct-decontamination-les-matieres-dangeureuses\" width=\"1280\" height=\"720\" class=\"rev-slidebg tp-rs-img rs-lazyload\" data-lazyload=\"\/\/dev.democonstruct.ca\/wp-content\/uploads\/2021\/02\/demo-construct-decontamination-les-matieres-dangeureuses.jpg\" data-no-retina>\n<!--\n\t\t\t\t\t\t\t--><rs-layer\n\t\t\t\t\t\t\t\tid=\"slider-5-slide-34-layer-1\" \n\t\t\t\t\t\t\t\tdata-type=\"text\"\n\t\t\t\t\t\t\t\tdata-rsp_ch=\"on\"\n\t\t\t\t\t\t\t\tdata-xy=\"xo:-39px,10px,9px,11px;y:m;yo:-131px,-100px,-99px,-94px;\"\n\t\t\t\t\t\t\t\tdata-text=\"s:80,75,60,40;l:85,75,65,45;fw:900,900,900,700;\"\n\t\t\t\t\t\t\t\tdata-frame_0=\"y:-50px;\"\n\t\t\t\t\t\t\t\tdata-frame_1=\"e:power2.out;st:1000;sp:800;\"\n\t\t\t\t\t\t\t\tdata-frame_999=\"o:0;e:nothing;st:w;\"\n\t\t\t\t\t\t\t\tstyle=\"z-index:5;font-family:'Yantramanav';\"\n\t\t\t\t\t\t\t>DECONTAMINATION AND  \n\t\t\t\t\t\t\t<\/rs-layer><!--\n\n\t\t\t\t\t\t\t--><rs-layer\n\t\t\t\t\t\t\t\tid=\"slider-5-slide-34-layer-2\" \n\t\t\t\t\t\t\t\tdata-type=\"text\"\n\t\t\t\t\t\t\t\tdata-rsp_ch=\"on\"\n\t\t\t\t\t\t\t\tdata-xy=\"xo:-41px,12px,10px,10px;y:m;yo:-51px,-19px,-40px,-40px;\"\n\t\t\t\t\t\t\t\tdata-text=\"s:80,75,60,40;l:85,75,65,45;fw:900,900,900,700;\"\n\t\t\t\t\t\t\t\tdata-frame_0=\"y:-50px;\"\n\t\t\t\t\t\t\t\tdata-frame_1=\"e:power4.out;st:1500;sp:800;\"\n\t\t\t\t\t\t\t\tdata-frame_999=\"o:0;e:nothing;st:w;\"\n\t\t\t\t\t\t\t\tstyle=\"z-index:6;font-family:'Yantramanav';\"\n\t\t\t\t\t\t\t>REMOVAL OF \n\t\t\t\t\t\t\t<\/rs-layer><!--\n\n\t\t\t\t\t\t\t--><rs-layer\n\t\t\t\t\t\t\t\tid=\"slider-5-slide-34-layer-3\" \n\t\t\t\t\t\t\t\tdata-type=\"text\"\n\t\t\t\t\t\t\t\tdata-rsp_ch=\"on\"\n\t\t\t\t\t\t\t\tdata-xy=\"xo:-37px,9px,10px,10px;y:m;yo:50px,82px,50px,38px;\"\n\t\t\t\t\t\t\t\tdata-text=\"w:normal;s:20,20,18,15;l:28,28,28,22;fw:300;\"\n\t\t\t\t\t\t\t\tdata-dim=\"w:628px,628px,581px,393px;h:57px,57px,58px,auto;\"\n\t\t\t\t\t\t\t\tdata-frame_0=\"y:-50px;\"\n\t\t\t\t\t\t\t\tdata-frame_1=\"e:power4.out;st:3000;sp:800;\"\n\t\t\t\t\t\t\t\tdata-frame_999=\"o:0;e:nothing;st:w;\"\n\t\t\t\t\t\t\t\tstyle=\"z-index:9;font-family:'Poppins';\"\n\t\t\t\t\t\t\t>Eliminate toxic products from your environment. Opt for asbestos removal with our team of professionals.  \n\t\t\t\t\t\t\t<\/rs-layer><!--\n\n\t\t\t\t\t\t\t--><rs-layer\n\t\t\t\t\t\t\t\tid=\"slider-5-slide-34-layer-5\" \n\t\t\t\t\t\t\t\tclass=\"rev-btn\"\n\t\t\t\t\t\t\t\tdata-type=\"button\"\n\t\t\t\t\t\t\t\tdata-color=\"#0c0c0c||#000000||#000000||#000000\"\n\t\t\t\t\t\t\t\tdata-xy=\"xo:-38px,7px,9px,10px;y:m;yo:151px,161px,129px,111px;\"\n\t\t\t\t\t\t\t\tdata-text=\"s:17,15,14,17;l:17,15,17,17;fw:500;\"\n\t\t\t\t\t\t\t\tdata-actions='o:click;a:simplelink;target:_blank;url:https:\/\/democonstruct.ca\/en\/soumission;'\n\t\t\t\t\t\t\t\tdata-rsp_bd=\"off\"\n\t\t\t\t\t\t\t\tdata-padding=\"t:15;r:35;b:15;l:35;\"\n\t\t\t\t\t\t\t\tdata-frame_0=\"y:-50px;\"\n\t\t\t\t\t\t\t\tdata-frame_1=\"e:power4.out;st:3500;sp:800;\"\n\t\t\t\t\t\t\t\tdata-frame_999=\"o:0;e:nothing;st:w;\"\n\t\t\t\t\t\t\t\tdata-frame_hover=\"c:#fff;bgc:#f43a3a;boc:#000;bor:0px,0px,0px,0px;bos:solid;oX:50;oY:50;sp:0;e:none;\"\n\t\t\t\t\t\t\t\tstyle=\"z-index:10;background-color:#ffffff;font-family:'Poppins';cursor:pointer;outline:none;box-shadow:none;box-sizing:border-box;-moz-box-sizing:border-box;-webkit-box-sizing:border-box;transition:all ease 0.3s;\"\n\t\t\t\t\t\t\t>GET  A QUOTE \n\t\t\t\t\t\t\t<\/rs-layer><!--\n\n\t\t\t\t\t\t\t--><rs-layer\n\t\t\t\t\t\t\t\tid=\"slider-5-slide-34-layer-6\" \n\t\t\t\t\t\t\t\tclass=\"tp-shape tp-shapewrapper\"\n\t\t\t\t\t\t\t\tdata-type=\"shape\"\n\t\t\t\t\t\t\t\tdata-rsp_ch=\"on\"\n\t\t\t\t\t\t\t\tdata-xy=\"x:l,l,c,c;xo:420px,440px,129px,108px;y:m;yo:-54px,-22px,-40px,-41px;\"\n\t\t\t\t\t\t\t\tdata-text=\"fw:500;\"\n\t\t\t\t\t\t\t\tdata-dim=\"w:448px,414px,328px,212px;h:65px,65px,55px,55px;\"\n\t\t\t\t\t\t\t\tdata-frame_0=\"x:175%;o:1;\"\n\t\t\t\t\t\t\t\tdata-frame_0_mask=\"u:t;x:-100%;\"\n\t\t\t\t\t\t\t\tdata-frame_1=\"e:power3.out;st:1700;sp:800;\"\n\t\t\t\t\t\t\t\tdata-frame_1_mask=\"u:t;\"\n\t\t\t\t\t\t\t\tdata-frame_999=\"o:0;e:nothing;st:w;\"\n\t\t\t\t\t\t\t\tstyle=\"z-index:7;background-color:rgba(244,58,58,1);\"\n\t\t\t\t\t\t\t> \n\t\t\t\t\t\t\t<\/rs-layer><!--\n\n\t\t\t\t\t\t\t--><rs-layer\n\t\t\t\t\t\t\t\tid=\"slider-5-slide-34-layer-7\" \n\t\t\t\t\t\t\t\tdata-type=\"text\"\n\t\t\t\t\t\t\t\tdata-color=\"rgba(255,255,255,1)||rgba(255,255,255,1)||rgba(255,255,255,1)||#ffffff\"\n\t\t\t\t\t\t\t\tdata-rsp_ch=\"on\"\n\t\t\t\t\t\t\t\tdata-xy=\"xo:449px,469px,373px,253px;y:m;yo:-53px,-18px,-39px,-41px;\"\n\t\t\t\t\t\t\t\tdata-text=\"s:80,75,60,40;l:85,75,65,45;fw:900,900,900,700;\"\n\t\t\t\t\t\t\t\tdata-frame_0=\"x:-100%;o:1;\"\n\t\t\t\t\t\t\t\tdata-frame_0_mask=\"u:t;\"\n\t\t\t\t\t\t\t\tdata-frame_1=\"st:2000;sp:1500;\"\n\t\t\t\t\t\t\t\tdata-frame_1_mask=\"u:t;\"\n\t\t\t\t\t\t\t\tdata-frame_999=\"o:0;e:nothing;st:w;\"\n\t\t\t\t\t\t\t\tstyle=\"z-index:8;font-family:'Yantramanav';\"\n\t\t\t\t\t\t\t>ASBESTOS \n\t\t\t\t\t\t\t<\/rs-layer><!--\n-->\t\t\t\t\t<\/rs-slide>\n\t\t\t\t\t<\/rs-slides>\n\t\t\t\t<\/rs-module>\n\t\t\t\t<script>\n\t\t\t\t\tsetREVStartSize({c: 'rev_slider_5_1',rl:[1240,1024,778,480],el:[868,768,960,720],gw:[1240,1024,778,480],gh:[868,768,960,720],type:'standard',justify:'',layout:'fullscreen',offsetContainer:'',offset:'',mh:\"0\"});if (window.RS_MODULES!==undefined && window.RS_MODULES.modules!==undefined && window.RS_MODULES.modules[\"revslider51\"]!==undefined) {window.RS_MODULES.modules[\"revslider51\"].once = false;window.revapi5 = undefined;if (window.RS_MODULES.checkMinimal!==undefined) window.RS_MODULES.checkMinimal()}\n\t\t\t\t<\/script>\n\t\t\t<\/rs-module-wrap>\n\t\t\t<!-- END REVOLUTION SLIDER -->\n[\/vc_column][\/vc_row][vc_row equal_height=&#8221;yes&#8221; css=&#8221;.vc_custom_1614300152946{padding-top: 0px !important;padding-bottom: 100px !important;}&#8221;][vc_column][vc_empty_space height=&#8221;85px&#8221;]<div id=\"ultimate-heading-928369e88c7bb9d91\" class=\"uvc-heading ult-adjust-bottom-margin ultimate-heading-928369e88c7bb9d91 uvc-1888 \" data-hspacer=\"no_spacer\"  data-halign=\"center\" style=\"text-align:center\"><div class=\"uvc-heading-spacer no_spacer\" style=\"top\"><\/div><div class=\"uvc-main-heading ult-responsive\"  data-ultimate-target='.uvc-heading.ultimate-heading-928369e88c7bb9d91 h2'  data-responsive-json-new='{\"font-size\":\"desktop:36px;\",\"line-height\":\"\"}' ><h2 style=\"font-weight:normal;\">DETAILS ON OUR ASBESTOS REMOVAL<\/h2><\/div><\/div>[vc_empty_space height=&#8221;50px&#8221;][vc_separator color=&#8221;custom&#8221; style=&#8221;dotted&#8221; border_width=&#8221;3&#8243; accent_color=&#8221;#ebebeb&#8221; css=&#8221;.vc_custom_1495806457194{margin-bottom: 0px !important;padding-top: 0px !important;padding-bottom: 0px !important;}&#8221;][vc_row_inner equal_height=&#8221;yes&#8221; content_placement=&#8221;middle&#8221; gap=&#8221;35&#8243;][vc_column_inner width=&#8221;2\/3&#8243; css=&#8221;.vc_custom_1496674169088{padding-right: 15% !important;}&#8221;]<div id=\"ultimate-heading-365269e88c7bb9de2\" class=\"uvc-heading ult-adjust-bottom-margin ultimate-heading-365269e88c7bb9de2 uvc-6263 \" data-hspacer=\"line_only\"  data-halign=\"left\" style=\"text-align:left\"><div class=\"uvc-main-heading ult-responsive\"  data-ultimate-target='.uvc-heading.ultimate-heading-365269e88c7bb9de2 h2'  data-responsive-json-new='{\"font-size\":\"desktop:30px;\",\"line-height\":\"desktop:55px;\"}' ><h2 style=\"font-weight:normal;\">ASBESTOS<\/h2><\/div><div class=\"uvc-heading-spacer line_only\" style=\"topheight:3px;\"><span class=\"uvc-headings-line\" style=\"border-style:solid;border-bottom-width:3px;border-color:#e02b30;width:20px;\"><\/span><\/div><div class=\"uvc-sub-heading ult-responsive\"  data-ultimate-target='.uvc-heading.ultimate-heading-365269e88c7bb9de2 .uvc-sub-heading '  data-responsive-json-new='{\"font-size\":\"desktop:16px;\",\"line-height\":\"desktop:25px;\"}'  style=\"font-weight:normal;\"><\/p>\n<h3>ASBESTOS<\/h3>\n<p>Asbestos is a mineral that was formerly used as an insulation. Useful against heat, fire and against electrical tensions. Almost 100 years after it began to be used, researchers have discovered that asbestos fibers are harmful. The latter, which were released during handling of the mineral, posed a risk when inhaled.<\/p>\n<h3>WHY REMOVE IT?<\/h3>\n<p>Asbestos is not dangerous when there is no direct handling. On the other hand, it often causes problems when selling a house. It is present in almost all construction before the 1990s. Asbestos must be removed to prevent a loss in value of your property. This is because buyers often demand a drop in the sale price of several thousand dollars. Some, through an inspector, will even require that the decontamination work be carried out before the signing of the sales contract.<\/p>\n<p>Whether asbestos is found in pipe elbows, in insulation boards, in drywall or in the attic of your home, it is essential to have it removed by authorized professionals. Doing business with a specialized company can avoid several health problems for its occupants. As for example a complete contamination of the premises.<\/p>\n<h3>HOW DO WE PROCEED FOR DECONTAMINATION?<\/h3>\n<p>First of all, our company offers sampling and analysis services. In the event that all the materials in your home contain asbestos fibers, we will be happy to provide you with a quote for the complete decontamination.<\/p>\n<p>To ensure the safety of the occupants of the house, D\u00e9mo-Construct undertakes to comply with all imposed procedures. Whether by the Commission on Health and Safety at Work (CNESST) and the R\u00e9gie du b\u00e2timent du Qu\u00e9bec (RBQ).<\/p>\n<h3>SAFETY IS OUR PRIORITY.<\/h3>\n<p>Unlike vermiculite, asbestos panels or elbows can only be removed by hand. When handled, asbestos dust is dangerous. They must be controlled according to well-established procedures and protocols.<\/p>\n<p>Whether in the attic, walls or floors, we always work in a safe manner by mobilizing closed work areas. We use negative pressure machines to filter the air, HEPA certified vacuum equipment, and premium glue products to encapsulate decontaminated surfaces.<\/p>\n<p>Throughout the execution of the work, we make sure that dust remains inside the work areas. This aims to protect the other occupants of the house and prevent overall contamination of the house.<\/p>\n<h3>AIR QUALITY ASSESSMENT<\/h3>\n<p>In order to validate the conformity of the work, an air test is carried out at the end of it. We have a sample analyzed to provide you with tangible and scientific proof of the quality of the breathing air in your home. A report certifying compliance is also given to you.<\/p>\n<p>It should be noted that to avoid any conflict of interest, the final air test is performed by an external firm for which the mandate is to act as an intermediary between the decontamination company and the customer.<\/p>\n<h3>CONTACT AN EXPERT<\/h3>\n<p>For more information on the different stages and work procedures, or simply to get an estimate.<\/p>\n<p>Do not hesitate to contact us and submit your project to us in the submission section.<\/div><\/div>[vc_empty_space]<div class=\"pix_button \"><a href=\"https:\/\/democonstruct.ca\/en\/soumission\"  class=\"clear btn  btn-outline btn-hover-solid btn-oval  btn-md color btn-hover-color\">GET A QUOTE<\/a><\/div>[\/vc_column_inner][vc_column_inner width=&#8221;1\/3&#8243;][vc_single_image image=&#8221;590&#8243; img_size=&#8221;300&#215;250&#8243; alignment=&#8221;center&#8221; onclick=&#8221;custom_link&#8221; link=&#8221;https:\/\/democonstruct.ca\/en\/soumission&#8221;][vc_single_image image=&#8221;600&#8243; img_size=&#8221;300&#215;600&#8243; alignment=&#8221;center&#8221; onclick=&#8221;custom_link&#8221; link=&#8221;https:\/\/democonstruct.ca\/en\/contact&#8221;][\/vc_column_inner][\/vc_row_inner][vc_empty_space height=&#8221;50px&#8221;][\/vc_column][\/vc_row][vc_row full_width=&#8221;stretch_row&#8221; css=&#8221;.vc_custom_1614296347186{padding-top: 100px !important;padding-bottom: 100px !important;background-image: url(https:\/\/democonstruct.ca\/wp-content\/uploads\/2021\/02\/demo-construct-decontamination-l-amiante.jpg?id=262) !important;background-position: center !important;background-repeat: no-repeat !important;background-size: cover !important;}&#8221;][vc_column css=&#8221;.vc_custom_1503918660535{padding-top: 0px !important;}&#8221;]<div id=\"ultimate-heading-306969e88c7bb9e81\" class=\"uvc-heading ult-adjust-bottom-margin ultimate-heading-306969e88c7bb9e81 uvc-2002 \" data-hspacer=\"no_spacer\"  data-halign=\"center\" style=\"text-align:center\"><div class=\"uvc-heading-spacer no_spacer\" style=\"top\"><\/div><div class=\"uvc-main-heading ult-responsive\"  data-ultimate-target='.uvc-heading.ultimate-heading-306969e88c7bb9e81 h2'  data-responsive-json-new='{\"font-size\":\"desktop:30px;\",\"line-height\":\"desktop:30px;\"}' ><h2 style=\"font-family:&#039;Fira Sans&#039;;font-weight:normal;font-style:normal;color:#000000;margin-top:0px;margin-bottom:35px;\">QUESTIONS ?<\/h2><\/div><div class=\"uvc-sub-heading ult-responsive\"  data-ultimate-target='.uvc-heading.ultimate-heading-306969e88c7bb9e81 .uvc-sub-heading '  data-responsive-json-new='{\"font-size\":\"desktop:20px;\",\"line-height\":\"desktop:20px;\"}'  style=\"font-weight:normal;color:#000000;\">For all questions regarding decontamination, we have an answer. Don&#8217;t be shy and contact us. A specialist will be happy to answer and guide you.<\/div><\/div>[vc_empty_space]<div class=\" vc_custom_1614720042705 ubtn-ctn-center \"><a class=\"ubtn-link ult-adjust-bottom-margin ubtn-center ubtn-custom \" href=\"https:\/\/democonstruct.ca\/en\/contact\" title=\"CONTACT US HERE\" ><button type=\"button\" id=\"ubtn-1635\"  class=\"ubtn ult-adjust-bottom-margin ult-responsive ubtn-custom ubtn-fade-bg  none  ubtn-center   tooltip-69e88c7bb9ed0\"  data-hover=\"#ffffff\" data-border-color=\"#ffffff\" data-bg=\"#000000\" data-hover-bg=\"#e02b30\" data-border-hover=\"#2d383d\" data-shadow-hover=\"\" data-shadow-click=\"none\" data-shadow=\"\" data-shd-shadow=\"\"  data-ultimate-target='#ubtn-1635'  data-responsive-json-new='{\"font-size\":\"desktop:16px;\",\"line-height\":\"desktop:35px;\"}'  style=\"font-family:&#039;Fira Sans&#039;;font-weight:500;width:px;min-height:px;padding:5px 45px;border-radius:0px;border-width:2px;border-color:#ffffff;border-style:solid;background: #000000;color: #ffffff;\"><span class=\"ubtn-hover\" style=\"background-color:#e02b30\"><\/span><span class=\"ubtn-data ubtn-text \" >CONTACT US<\/span><\/button><\/a><\/div>[\/vc_column][\/vc_row]<\/p>\n<\/div>","protected":false},"excerpt":{"rendered":"<p>[vc_row css=&#8221;.vc_custom_1614290731820{padding-top: 0px !important;padding-bottom: 0px !important;}&#8221;][vc_column][\/vc_column][\/vc_row][vc_row equal_height=&#8221;yes&#8221; css=&#8221;.vc_custom_1614300152946{padding-top: 0px !important;padding-bottom: 100px !important;}&#8221;][vc_column][vc_empty_space height=&#8221;85px&#8221;][vc_empty_space height=&#8221;50px&#8221;][vc_separator color=&#8221;custom&#8221; style=&#8221;dotted&#8221; border_width=&#8221;3&#8243; accent_color=&#8221;#ebebeb&#8221; css=&#8221;.vc_custom_1495806457194{margin-bottom: 0px !important;padding-top: 0px !important;padding-bottom: 0px !important;}&#8221;][vc_row_inner equal_height=&#8221;yes&#8221; content_placement=&#8221;middle&#8221; gap=&#8221;35&#8243;][vc_column_inner width=&#8221;2\/3&#8243; css=&#8221;.vc_custom_1496674169088{padding-right: 15% !important;}&#8221;][vc_empty_space][\/vc_column_inner][vc_column_inner width=&#8221;1\/3&#8243;][vc_single_image image=&#8221;590&#8243; img_size=&#8221;300&#215;250&#8243; alignment=&#8221;center&#8221; onclick=&#8221;custom_link&#8221; link=&#8221;https:\/\/democonstruct.ca\/en\/soumission&#8221;][vc_single_image image=&#8221;600&#8243; img_size=&#8221;300&#215;600&#8243;&#8230;<\/p>\n","protected":false},"author":1,"featured_media":0,"parent":595,"menu_order":0,"comment_status":"closed","ping_status":"closed","template":"","meta":{"footnotes":""},"class_list":["post-599","page","type-page","status-publish","hentry"],"_links":{"self":[{"href":"https:\/\/democonstruct.ca\/en\/wp-json\/wp\/v2\/pages\/599"}],"collection":[{"href":"https:\/\/democonstruct.ca\/en\/wp-json\/wp\/v2\/pages"}],"about":[{"href":"https:\/\/democonstruct.ca\/en\/wp-json\/wp\/v2\/types\/page"}],"author":[{"embeddable":true,"href":"https:\/\/democonstruct.ca\/en\/wp-json\/wp\/v2\/users\/1"}],"replies":[{"embeddable":true,"href":"https:\/\/democonstruct.ca\/en\/wp-json\/wp\/v2\/comments?post=599"}],"version-history":[{"count":4,"href":"https:\/\/democonstruct.ca\/en\/wp-json\/wp\/v2\/pages\/599\/revisions"}],"predecessor-version":[{"id":683,"href":"https:\/\/democonstruct.ca\/en\/wp-json\/wp\/v2\/pages\/599\/revisions\/683"}],"up":[{"embeddable":true,"href":"https:\/\/democonstruct.ca\/en\/wp-json\/wp\/v2\/pages\/595"}],"wp:attachment":[{"href":"https:\/\/democonstruct.ca\/en\/wp-json\/wp\/v2\/media?parent=599"}],"curies":[{"name":"wp","href":"https:\/\/api.w.org\/{rel}","templated":true}]}}